{"id":103,"date":"2017-04-26T08:33:01","date_gmt":"2017-04-26T08:33:01","guid":{"rendered":"http:\/\/www.machalicka.eu\/?page_id=103"},"modified":"2025-11-12T16:49:44","modified_gmt":"2025-11-12T16:49:44","slug":"breussova-masaz","status":"publish","type":"page","link":"https:\/\/www.machalicka.eu\/?page_id=103","title":{"rendered":"BREUSSOVA MAS\u00c1\u017d"},"content":{"rendered":"<p>[et_pb_section fb_built=&#8220;1&#8243; admin_label=&#8220;section&#8220; module_id=&#8220;radek2&#8243; module_class=&#8220;gen-section-height&#8220; _builder_version=&#8220;4.15&#8243; background_image=&#8220;https:\/\/www.machalicka.eu\/wp-content\/uploads\/2017\/04\/DSC03341.jpg&#8220; custom_padding=&#8220;||30px|&#8220; transparent_background=&#8220;off&#8220; make_fullwidth=&#8220;off&#8220; use_custom_width=&#8220;off&#8220; width_unit=&#8220;on&#8220; global_colors_info=&#8220;{}&#8220;][et_pb_row module_class=&#8220;nadpis_sekce&#8220; _builder_version=&#8220;4.15&#8243; background_size=&#8220;initial&#8220; background_position=&#8220;top_left&#8220; background_repeat=&#8220;repeat&#8220; make_fullwidth=&#8220;off&#8220; use_custom_width=&#8220;off&#8220; width_unit=&#8220;on&#8220; global_colors_info=&#8220;{}&#8220;][et_pb_column type=&#8220;4_4&#8243; _builder_version=&#8220;4.15&#8243; custom_padding=&#8220;|||&#8220; global_colors_info=&#8220;{}&#8220; custom_padding__hover=&#8220;|||&#8220;][et_pb_text admin_label=&#8220;Breussova mas\u00e1\u017e&#8220; _builder_version=&#8220;4.15&#8243; background_size=&#8220;initial&#8220; background_position=&#8220;top_left&#8220; background_repeat=&#8220;repeat&#8220; text_orientation=&#8220;center&#8220; background_layout=&#8220;dark&#8220; module_alignment=&#8220;center&#8220; use_border_color=&#8220;off&#8220; border_color=&#8220;#ffffff&#8220; border_style=&#8220;solid&#8220; global_colors_info=&#8220;{}&#8220;]<\/p>\n<h2>BREUSSOVA MAS\u00c1\u017d<\/h2>\n<p>[\/et_pb_text][\/et_pb_column][\/et_pb_row][et_pb_row column_structure=&#8220;1_3,1_3,1_3&#8243; use_custom_gutter=&#8220;on&#8220; gutter_width=&#8220;2&#8243; admin_label=&#8220;row&#8220; _builder_version=&#8220;4.15&#8243; background_color=&#8220;rgba(0,0,0,0.53)&#8220; background_size=&#8220;initial&#8220; background_position=&#8220;top_left&#8220; background_repeat=&#8220;repeat&#8220; max_width=&#8220;80%&#8220; custom_margin=&#8220;||30px|&#8220; custom_padding=&#8220;20px|20px|0px|20px&#8220; make_fullwidth=&#8220;off&#8220; use_custom_width=&#8220;on&#8220; width_unit=&#8220;off&#8220; global_colors_info=&#8220;{}&#8220;][et_pb_column type=&#8220;1_3&#8243; _builder_version=&#8220;4.15&#8243; custom_padding=&#8220;|||&#8220; global_colors_info=&#8220;{}&#8220; custom_padding__hover=&#8220;|||&#8220;][et_pb_text admin_label=&#8220;Mas\u00e1\u017e&#8220; _builder_version=&#8220;4.15.1&#8243; background_size=&#8220;initial&#8220; background_position=&#8220;top_left&#8220; background_repeat=&#8220;repeat&#8220; background_layout=&#8220;dark&#8220; hover_enabled=&#8220;0&#8243; z_index_tablet=&#8220;500&#8243; use_border_color=&#8220;off&#8220; global_colors_info=&#8220;{}&#8220; sticky_enabled=&#8220;0&#8243;]<\/p>\n<h3>O MAS\u00c1\u017dI<\/h3>\n<p>Breussova mas\u00e1\u017e je velmi jemn\u00e1, citliv\u00e1, energetick\u00e1 mas\u00e1\u017e zad s\u00a0vysoce regenera\u010dn\u00edmi \u00fa\u010dinky na p\u00e1te\u0159.<\/p>\n<p>Pomoc\u00ed speci\u00e1ln\u00edch hmat\u016f se od sebe oddaluj\u00ed p\u00e1te\u0159n\u00ed obratle pro snadn\u011bj\u0161\u00ed pr\u016fnik vy\u017eivuj\u00edc\u00edho oleje k\u00a0meziobratlov\u00fdm plot\u00e9nk\u00e1m. Doch\u00e1z\u00ed tak k\u00a0lep\u0161\u00edmu okysli\u010den\u00ed tk\u00e1n\u011b obratl\u016f a uvoln\u011bn\u00ed nervov\u00fdch vl\u00e1ken vych\u00e1zej\u00edc\u00edch z\u00a0p\u00e1te\u0159n\u00ed oblasti do cel\u00e9ho t\u011bla, \u010d\u00edm\u017e se p\u00e1te\u0159 v\u00fdrazn\u011b uvoln\u00ed a z\u00e1rove\u0148 se odstran\u00ed bolesti zad, zejm\u00e9na v\u00a0oblasti k\u0159\u00ed\u017ee a beder.<\/p>\n<p>O\u0161et\u0159en\u00ed akupresurn\u00edch bod\u016f pod\u00e9l p\u00e1te\u0159e \u010dasto vede k\u00a0odblokov\u00e1n\u00ed nejen fyzick\u00fdch, ale i psychick\u00fdch a du\u0161evn\u00edch blok\u00e1d.<\/p>\n<p>&nbsp;<\/p>\n<h5>DOBA O\u0160ET\u0158EN\u00cd: cca 50 min<\/h5>\n<p>&nbsp;<\/p>\n<h5>CENA: 650,-K\u010d<\/h5>\n<h3>\u00a0<\/h3>\n<p>&nbsp;<\/p>\n<p>[\/et_pb_text][\/et_pb_column][et_pb_column type=&#8220;1_3&#8243; _builder_version=&#8220;4.15&#8243; custom_padding=&#8220;|||&#8220; global_colors_info=&#8220;{}&#8220; custom_padding__hover=&#8220;|||&#8220;][et_pb_text admin_label=&#8220;\u00da\u010cINKY&#8220; _builder_version=&#8220;4.15&#8243; background_size=&#8220;initial&#8220; background_position=&#8220;top_left&#8220; background_repeat=&#8220;repeat&#8220; background_layout=&#8220;dark&#8220; hover_enabled=&#8220;0&#8243; use_border_color=&#8220;off&#8220; border_color=&#8220;#ffffff&#8220; border_style=&#8220;solid&#8220; global_colors_info=&#8220;{}&#8220; sticky_enabled=&#8220;0&#8243;]<\/p>\n<h3>\u00da\u010cINKY<\/h3>\n<ul>\n<li>Uvoln\u011bn\u00ed z\u00e1dov\u00fdch sval\u016f a vaz\u016f<\/li>\n<li>Zklidn\u011bn\u00ed nervov\u00e9 soustavy a t\u00edm i cel\u00e9ho organismu<\/li>\n<li>Spr\u00e1vn\u00e9 postaven\u00ed p\u00e1te\u0159e<\/li>\n<li>Odstran\u011bn\u00ed fyzick\u00fdch, psychick\u00fdch a du\u0161evn\u00edch blok\u00e1d<\/li>\n<li>Podpora klidn\u00e9ho sp\u00e1nku<\/li>\n<li>Detoxikace<\/li>\n<li>Regenerace organismu<\/li>\n<\/ul>\n<h3><\/h3>\n<p>[\/et_pb_text][\/et_pb_column][et_pb_column type=&#8220;1_3&#8243; _builder_version=&#8220;4.15&#8243; custom_padding=&#8220;|||&#8220; global_colors_info=&#8220;{}&#8220; custom_padding__hover=&#8220;|||&#8220;][et_pb_text admin_label=&#8220;KONTRAINDIKACE&#8220; _builder_version=&#8220;4.15&#8243; background_size=&#8220;initial&#8220; background_position=&#8220;top_left&#8220; background_repeat=&#8220;repeat&#8220; background_layout=&#8220;dark&#8220; hover_enabled=&#8220;0&#8243; z_index_tablet=&#8220;500&#8243; use_border_color=&#8220;off&#8220; global_colors_info=&#8220;{}&#8220; sticky_enabled=&#8220;0&#8243;]<\/p>\n<h3>MO\u017dN\u00c9 KONTRAINDIKACE<\/h3>\n<p><strong>Kdy si vhodnost mas\u00e1\u017ee ov\u011b\u0159it p\u0159edem:<\/strong><\/p>\n<ul>\n<li>Osoby u\u017e\u00edvaj\u00edc\u00ed psychofarmaka<\/li>\n<li>Osoby u\u017e\u00edvaj\u00edc\u00ed prost\u0159edky na \u0159ed\u011bn\u00ed krve<\/li>\n<li>Fotosenzibiln\u00ed osoby (citliv\u00e9 na slunce)<\/li>\n<li>P\u0159i u\u017e\u00edv\u00e1n\u00ed antikoncepce<\/li>\n<\/ul>\n<p><strong>Kdy si Breussovu mas\u00e1\u017e odep\u0159\u00edt:<\/strong><\/p>\n<ul>\n<li>T\u011bhotenstv\u00ed<\/li>\n<li>Infek\u010dn\u00ed a z\u00e1n\u011btliv\u00e1 onemocn\u011bn\u00ed<\/li>\n<li>Velk\u00e1 bolestivost v\u00a0oblasti p\u00e1te\u0159e<\/li>\n<li>Velk\u00fd v\u00fdh\u0159ez obratle (v\u00edce ne\u017e 0,5 cm)<\/li>\n<li>Srde\u010dn\u00ed arytmie nebo kardiostimul\u00e1tor<\/li>\n<li>Onkologick\u00e1 onemocn\u011bn\u00ed<\/li>\n<li>Epilepsie<\/li>\n<\/ul>\n<p>\u00a0<\/p>\n<p>[\/et_pb_text][\/et_pb_column][\/et_pb_row][\/et_pb_section][et_pb_section fb_built=&#8220;1&#8243; admin_label=&#8220;section&#8220; module_id=&#8220;kontakt&#8220; module_class=&#8220;gen-section-height&#8220; _builder_version=&#8220;4.15&#8243; background_image=&#8220;https:\/\/www.machalicka.eu\/wp-content\/uploads\/2017\/04\/kontakt-back-01.jpg&#8220; global_module=&#8220;227&#8243; global_colors_info=&#8220;{}&#8220;][et_pb_row _builder_version=&#8220;4.15&#8243; background_size=&#8220;initial&#8220; background_position=&#8220;top_left&#8220; background_repeat=&#8220;repeat&#8220; global_colors_info=&#8220;{}&#8220;][et_pb_column type=&#8220;4_4&#8243; _builder_version=&#8220;4.15&#8243; custom_padding=&#8220;|||&#8220; global_colors_info=&#8220;{}&#8220; custom_padding__hover=&#8220;|||&#8220;][et_pb_text _builder_version=&#8220;4.15&#8243; text_orientation=&#8220;center&#8220; background_layout=&#8220;dark&#8220; global_colors_info=&#8220;{}&#8220;]<\/p>\n<h1>KONTAKT<\/h1>\n<p>[\/et_pb_text][\/et_pb_column][\/et_pb_row][et_pb_row column_structure=&#8220;2_3,1_3&#8243; use_custom_gutter=&#8220;on&#8220; gutter_width=&#8220;2&#8243; make_equal=&#8220;on&#8220; _builder_version=&#8220;4.15&#8243; background_color=&#8220;rgba(0,0,0,0.53)&#8220; background_size=&#8220;initial&#8220; background_position=&#8220;top_left&#8220; background_repeat=&#8220;repeat&#8220; max_width=&#8220;80%&#8220; custom_padding=&#8220;20px|20px|14px|20px&#8220; use_custom_width=&#8220;on&#8220; width_unit=&#8220;off&#8220; global_colors_info=&#8220;{}&#8220;][et_pb_column type=&#8220;2_3&#8243; _builder_version=&#8220;4.15&#8243; custom_padding=&#8220;|||&#8220; global_colors_info=&#8220;{}&#8220; custom_padding__hover=&#8220;|||&#8220;][et_pb_text disabled_on=&#8220;off|off|off&#8220; admin_label=&#8220;Text&#8220; module_class=&#8220;profil&#8220; _builder_version=&#8220;4.15.1&#8243; background_layout=&#8220;dark&#8220; custom_margin=&#8220;10px|||&#8220; z_index_tablet=&#8220;500&#8243; use_border_color=&#8220;off&#8220; global_colors_info=&#8220;{}&#8220;]<\/p>\n<p>&nbsp;<\/p>\n<p>&nbsp;<\/p>\n<div class=\"et_pb_module et-waypoint et_pb_image et_pb_animation_off et_pb_image_1 et_always_center_on_mobile et-animated align_left\">\u00a0<\/div>\n<h3 style=\"text-align: left;\">OBJEDN\u00c1N\u00cd:<\/h3>\n<p>Provozn\u00ed doba je odvozena podle objedn\u00e1vek, oby\u010dejn\u011b <strong>PO, \u00daT, \u010cT a P\u00c1 9:30 &#8211; 17.30<\/strong>. V\u00edkendy a sv\u00e1tky si nech\u00e1v\u00e1m pro sebe.<\/p>\n<p><strong>Na mas\u00e1\u017ee se pros\u00edm objedn\u00e1vejte p\u0159edem, ide\u00e1ln\u011b telefonicky. <\/strong>Pokud nezved\u00e1m telefon, ozvu se v\u00e1m zp\u011bt, jakmile budu na p\u0159\u00edjmu.<br \/>Pro va\u0161e pohodl\u00ed m\u016f\u017eete vyu\u017e\u00edt i zelen\u00e9 tla\u010d\u00edtko rezerva\u010dn\u00edho syst\u00e9mu.<\/p>\n<p><strong>Na mas\u00e1\u017e p\u0159ij\u010fte pros\u00edm v\u010das.<\/strong> <strong>Pokud nem\u016f\u017eete p\u0159ij\u00edt, informujte mne o tom pros\u00edm co nejd\u0159\u00edve na \u010d\u00edsle +420 606 460 590.<br \/><\/strong>V opa\u010dn\u00e9m p\u0159\u00edpad\u011b \u00fa\u010dtuji storno 100%.<\/p>\n<p>&nbsp;<\/p>\n<p>[\/et_pb_text][\/et_pb_column][et_pb_column type=&#8220;1_3&#8243; _builder_version=&#8220;4.15&#8243; custom_padding=&#8220;|||&#8220; global_colors_info=&#8220;{}&#8220; custom_padding__hover=&#8220;|||&#8220;][et_pb_text _builder_version=&#8220;4.15&#8243; background_size=&#8220;initial&#8220; background_position=&#8220;top_left&#8220; background_repeat=&#8220;repeat&#8220; background_layout=&#8220;dark&#8220; custom_margin=&#8220;10px|||&#8220; z_index_tablet=&#8220;500&#8243; use_border_color=&#8220;off&#8220; global_colors_info=&#8220;{}&#8220;]<\/p>\n<p>\u00a0<\/p>\n<p>\u00a0<\/p>\n<h3>KONTAKT:<\/h3>\n<p>Jitka Machalick\u00e1<br \/>\u0160ultysova 153, Kutn\u00e1 Hora<br \/>Telefon: +420\u00a0606 460 590<br \/>e-mail: jitka@machalicka.eu<br \/>I\u010cO: 629 52 463, M\u011b\u00da Kutn\u00e1 Hora<\/p>\n<p>\u00a0<\/p>\n<p>[\/et_pb_text][et_pb_code module_id=&#8220;rezervovat-cas&#8220; _builder_version=&#8220;4.15&#8243; global_colors_info=&#8220;{}&#8220;]<!-- inserted reservanto code --><!-- [et_pb_line_break_holder] --><\/p>\n<div class=\"reservanto-widget\" data-text=\"Rezervovat\" data-id=\"16241\" data-color-text=\"#ffffff\" data-color-text-shadow=\"#078185\" data-color-bg=\"#0ac1cb\" data-color-bg-hover=\"#13cbd1\" data-color-boxshadow=\"#078185\" ><\/div>\n<p><!-- [et_pb_line_break_holder] --><script id=\"reservanto-widget-script\" type=\"text\/javascript\" src=\"https:\/\/booking.reservanto.cz\/Script\/reservanto-script.js?id=16241&#038;noAction=true\"><\/script><!-- [et_pb_line_break_holder] --><!-- end of inserted reservanto code -->[\/et_pb_code][et_pb_map address=&#8220;\u0160ultysova 153\/1, Vnit\u0159n\u00ed M\u011bsto, 284 01 Kutn\u00e1 Hora, \u010cesko&#8220; address_lat=&#8220;49.94928220000003&#8243; address_lng=&#8220;15.26673640000003&#8243; use_grayscale_filter=&#8220;on&#8220; grayscale_filter_amount=&#8220;26&#8243; _builder_version=&#8220;4.15&#8243; child_filter_saturate=&#8220;74%&#8220; global_colors_info=&#8220;{}&#8220;][et_pb_map_pin title=&#8220;Ajurv\u00e9dsk\u00e9 mas\u00e1\u017ee, Jitka Machalick\u00e1&#8220; pin_address=&#8220;\u0160ultysova 153\/1, Vnit\u0159n\u00ed M\u011bsto, 284 01 Kutn\u00e1 Hora, \u010cesko&#8220; pin_address_lat=&#8220;49.949323621794434&#8243; pin_address_lng=&#8220;15.266771268717207&#8243; _builder_version=&#8220;3.0.47&#8243; global_colors_info=&#8220;{}&#8220;][\/et_pb_map_pin][\/et_pb_map][et_pb_code disabled_on=&#8220;on|off|off&#8220; module_id=&#8220;rezervovat-cas&#8220; _builder_version=&#8220;4.15&#8243; positioning=&#8220;fixed&#8220; position_origin_f=&#8220;top_right&#8220; vertical_offset=&#8220;80px&#8220; horizontal_offset=&#8220;22px&#8220; animation_style=&#8220;slide&#8220; animation_direction=&#8220;right&#8220; animation_duration=&#8220;500ms&#8220; global_colors_info=&#8220;{}&#8220;]<!-- inserted reservanto code --><!-- [et_pb_line_break_holder] --><\/p>\n<div class=\"reservanto-widget\" data-text=\"Rezervovat\" data-id=\"16241\" data-color-text=\"#ffffff\" data-color-text-shadow=\"#078185\" data-color-bg=\"#0ac1cb\" data-color-bg-hover=\"#13cbd1\" data-color-boxshadow=\"#078185\" ><\/div>\n<p><!-- [et_pb_line_break_holder] --><script id=\"reservanto-widget-script\" type=\"text\/javascript\" src=\"https:\/\/booking.reservanto.cz\/Script\/reservanto-script.js?id=16241&#038;noAction=true\"><\/script><!-- [et_pb_line_break_holder] --><!-- end of inserted reservanto code -->[\/et_pb_code][\/et_pb_column][\/et_pb_row][\/et_pb_section]<\/p>\n","protected":false},"excerpt":{"rendered":"<p>BREUSSOVA MAS\u00c1\u017d O MAS\u00c1\u017dI Breussova mas\u00e1\u017e je velmi jemn\u00e1, citliv\u00e1, energetick\u00e1 mas\u00e1\u017e zad s\u00a0vysoce regenera\u010dn\u00edmi \u00fa\u010dinky na p\u00e1te\u0159. Pomoc\u00ed speci\u00e1ln\u00edch hmat\u016f se od sebe oddaluj\u00ed p\u00e1te\u0159n\u00ed obratle pro snadn\u011bj\u0161\u00ed pr\u016fnik vy\u017eivuj\u00edc\u00edho oleje k\u00a0meziobratlov\u00fdm plot\u00e9nk\u00e1m. Doch\u00e1z\u00ed tak k\u00a0lep\u0161\u00edmu okysli\u010den\u00ed tk\u00e1n\u011b obratl\u016f a uvoln\u011bn\u00ed nervov\u00fdch vl\u00e1ken vych\u00e1zej\u00edc\u00edch z\u00a0p\u00e1te\u0159n\u00ed oblasti do cel\u00e9ho t\u011bla, \u010d\u00edm\u017e se p\u00e1te\u0159 v\u00fdrazn\u011b uvoln\u00ed [&hellip;]<\/p>\n","protected":false},"author":2,"featured_media":0,"parent":0,"menu_order":0,"comment_status":"closed","ping_status":"closed","template":"","meta":{"_et_pb_use_builder":"on","_et_pb_old_content":"<h3>Breussova mas\u00e1\u017e<\/h3><p>Breussova mas\u00e1\u017e je velmi jemn\u00e1, citliv\u00e1, energetick\u00e1 mas\u00e1\u017e zad s\u00a0vysoce regenera\u010dn\u00edmi \u00fa\u010dinky na p\u00e1te\u0159. Pomoc\u00ed speci\u00e1ln\u00edch hmat\u016f se od sebe oddaluj\u00ed p\u00e1te\u0159n\u00ed obratle pro snadn\u011bj\u0161\u00ed pr\u016fnik vy\u017eivuj\u00edc\u00edho oleje k\u00a0meziobratlov\u00fdm plot\u00e9nk\u00e1m. Doch\u00e1z\u00ed tak k\u00a0lep\u0161\u00edmu okysli\u010den\u00ed tk\u00e1n\u011b obratl\u016f a uvoln\u011bn\u00ed nervov\u00fdch vl\u00e1ken vych\u00e1zej\u00edc\u00edch z\u00a0p\u00e1te\u0159n\u00ed oblasti do cel\u00e9ho t\u011bla, \u010d\u00edm\u017e se p\u00e1te\u0159 v\u00fdrazn\u011b uvoln\u00ed a z\u00e1rove\u0148 se odstran\u00ed bolesti zad, zejm\u00e9na v\u00a0oblasti k\u0159\u00ed\u017ee a beder. O\u0161et\u0159en\u00ed akupresurn\u00edch bod\u016f pod\u00e9l p\u00e1te\u0159e \u010dasto vede k\u00a0odblokov\u00e1n\u00ed nejen fyzick\u00fdch, ale i psychick\u00fdch a du\u0161evn\u00edch blok\u00e1d.<\/p><h3>\u00da\u010dinky Breussovy mas\u00e1\u017ee:<\/h3><ul><li>Uvoln\u011bn\u00ed z\u00e1dov\u00fdch sval\u016f a vaz\u016f<\/li><li>Zklidn\u011bn\u00ed nervov\u00e9 soustavy a t\u00edm i cel\u00e9ho organismu<\/li><li>Spr\u00e1vn\u00e9 postaven\u00ed p\u00e1te\u0159e<\/li><li>Odstran\u011bn\u00ed fyzick\u00fdch, psychick\u00fdch a du\u0161evn\u00edch blok\u00e1d<\/li><li>Podpora klidn\u00e9ho sp\u00e1nku<\/li><li>Detoxikace<\/li><li>Regenerace organismu<\/li><\/ul><h3>\u010c\u00e1ste\u010dn\u00e1 kontraindikace aneb Breussova mas\u00e1\u017e za pou\u017eit\u00ed jin\u00e9ho vhodn\u00e9ho oleje:<\/h3><ul><li>Osoby u\u017e\u00edvaj\u00edc\u00ed psychofarmaka<\/li><li>Osoby u\u017e\u00edvaj\u00edc\u00ed prost\u0159edky na \u0159ed\u011bn\u00ed krve<\/li><li>Antikoncepce<\/li><li>Fotosenzibiln\u00ed osoby (citliv\u00e9 na slunce)<\/li><\/ul><h3>100% kontraindikace aneb kdy si Breussovu mas\u00e1\u017e odep\u0159\u00edt:<\/h3><ul><li>T\u011bhotenstv\u00ed<\/li><li>Infek\u010dn\u00ed a z\u00e1n\u011btliv\u00e1 onemocn\u011bn\u00ed<\/li><li>Velk\u00e1 bolestivost v\u00a0oblasti p\u00e1te\u0159e<\/li><li>Velk\u00fd v\u00fdh\u0159ez obratle<\/li><li>Srde\u010dn\u00ed arytmie nebo kardiostimul\u00e1tor<\/li><li>Onkologick\u00e1 onemocn\u011bn\u00ed<\/li><li>Epilepsie<\/li><\/ul><p>Doba o\u0161et\u0159en\u00ed: 60 minut<\/p><p>Cena: 650,-K\u010d<\/p>","_et_gb_content_width":"","_mi_skip_tracking":false},"_links":{"self":[{"href":"https:\/\/www.machalicka.eu\/index.php?rest_route=\/wp\/v2\/pages\/103"}],"collection":[{"href":"https:\/\/www.machalicka.eu\/index.php?rest_route=\/wp\/v2\/pages"}],"about":[{"href":"https:\/\/www.machalicka.eu\/index.php?rest_route=\/wp\/v2\/types\/page"}],"author":[{"embeddable":true,"href":"https:\/\/www.machalicka.eu\/index.php?rest_route=\/wp\/v2\/users\/2"}],"replies":[{"embeddable":true,"href":"https:\/\/www.machalicka.eu\/index.php?rest_route=%2Fwp%2Fv2%2Fcomments&post=103"}],"version-history":[{"count":24,"href":"https:\/\/www.machalicka.eu\/index.php?rest_route=\/wp\/v2\/pages\/103\/revisions"}],"predecessor-version":[{"id":1600,"href":"https:\/\/www.machalicka.eu\/index.php?rest_route=\/wp\/v2\/pages\/103\/revisions\/1600"}],"wp:attachment":[{"href":"https:\/\/www.machalicka.eu\/index.php?rest_route=%2Fwp%2Fv2%2Fmedia&parent=103"}],"curies":[{"name":"wp","href":"https:\/\/api.w.org\/{rel}","templated":true}]}}