{"id":106,"date":"2017-04-26T08:36:56","date_gmt":"2017-04-26T08:36:56","guid":{"rendered":"http:\/\/www.machalicka.eu\/?page_id=106"},"modified":"2025-11-12T16:51:26","modified_gmt":"2025-11-12T16:51:26","slug":"svedan","status":"publish","type":"page","link":"https:\/\/www.machalicka.eu\/?page_id=106","title":{"rendered":"BYLINN\u00dd PARN\u00cd BOX SVEDAN"},"content":{"rendered":"<p>[et_pb_section fb_built=&#8220;1&#8243; admin_label=&#8220;section&#8220; module_id=&#8220;radek2&#8243; module_class=&#8220;gen-section-height&#8220; _builder_version=&#8220;4.15&#8243; background_image=&#8220;https:\/\/www.machalicka.eu\/wp-content\/uploads\/2017\/04\/DSC03325.jpg&#8220; transparent_background=&#8220;off&#8220; make_fullwidth=&#8220;off&#8220; use_custom_width=&#8220;off&#8220; width_unit=&#8220;on&#8220; global_colors_info=&#8220;{}&#8220;][et_pb_row module_class=&#8220;nadpis_sekce&#8220; _builder_version=&#8220;4.15&#8243; background_size=&#8220;initial&#8220; background_position=&#8220;top_left&#8220; background_repeat=&#8220;repeat&#8220; make_fullwidth=&#8220;off&#8220; use_custom_width=&#8220;off&#8220; width_unit=&#8220;on&#8220; global_colors_info=&#8220;{}&#8220;][et_pb_column type=&#8220;4_4&#8243; _builder_version=&#8220;4.15&#8243; custom_padding=&#8220;|||&#8220; global_colors_info=&#8220;{}&#8220; custom_padding__hover=&#8220;|||&#8220;][et_pb_text admin_label=&#8220;Mas\u00e1\u017ee popisy&#8220; _builder_version=&#8220;4.15.1&#8243; background_size=&#8220;initial&#8220; background_position=&#8220;top_left&#8220; background_repeat=&#8220;repeat&#8220; text_orientation=&#8220;center&#8220; background_layout=&#8220;dark&#8220; module_alignment=&#8220;center&#8220; use_border_color=&#8220;off&#8220; border_color=&#8220;#ffffff&#8220; border_style=&#8220;solid&#8220; global_colors_info=&#8220;{}&#8220;]<\/p>\n<h2>BYLINN\u00dd PARN\u00cd BOX SVEDAN<\/h2>\n<p>[\/et_pb_text][\/et_pb_column][\/et_pb_row][et_pb_row column_structure=&#8220;1_3,1_3,1_3&#8243; use_custom_gutter=&#8220;on&#8220; gutter_width=&#8220;2&#8243; admin_label=&#8220;row&#8220; _builder_version=&#8220;4.15&#8243; background_color=&#8220;rgba(0,0,0,0.53)&#8220; background_size=&#8220;initial&#8220; background_position=&#8220;top_left&#8220; background_repeat=&#8220;repeat&#8220; max_width=&#8220;80%&#8220; custom_padding=&#8220;20px|20px|0px|20px&#8220; use_custom_width=&#8220;on&#8220; width_unit=&#8220;off&#8220; global_colors_info=&#8220;{}&#8220;][et_pb_column type=&#8220;1_3&#8243; _builder_version=&#8220;4.15&#8243; custom_padding=&#8220;|||&#8220; global_colors_info=&#8220;{}&#8220; custom_padding__hover=&#8220;|||&#8220;][et_pb_text admin_label=&#8220;O mas\u00e1\u017ei&#8220; _builder_version=&#8220;4.15.1&#8243; background_size=&#8220;initial&#8220; background_position=&#8220;top_left&#8220; background_repeat=&#8220;repeat&#8220; background_layout=&#8220;dark&#8220; hover_enabled=&#8220;0&#8243; z_index_tablet=&#8220;500&#8243; use_border_color=&#8220;off&#8220; global_colors_info=&#8220;{}&#8220; sticky_enabled=&#8220;0&#8243;]<\/p>\n<h3>O PROCEDU\u0158E<\/h3>\n<p>Svedana, neboli napa\u0159ovac\u00ed terapie, kter\u00e1 pat\u0159\u00ed mezi nej\u00fa\u010dinn\u011bj\u0161\u00ed procedury \u00e1jurv\u00e9dsk\u00fdch mas\u00e1\u017e\u00ed, pom\u00e1h\u00e1 t\u011blu zbavovat se nahromad\u011bn\u00fdch ne\u010distot.<\/p>\n<p>Bylinn\u00e1 parn\u00ed sauna <strong>svedan<\/strong> je d\u0159ev\u011bn\u00fd box, do n\u011bho\u017e proud\u00ed tepl\u00e1 p\u00e1ra prosycen\u00e1 vonn\u00fdmi silicemi z bylin vybran\u00fdch podle typologie klienta. P\u00e1ra zp\u016fsobuje pocen\u00ed, kter\u00e9 roztahuje energetick\u00e9 kan\u00e1ly (\u0161r\u00f3ty) a zkapal\u0148uje a odstra\u0148uje ne\u010distoty p\u0159es k\u016f\u017ei a pozd\u011bji i tr\u00e1vic\u00ed \u00fastroj\u00ed.<\/p>\n<p>Na rozd\u00edl od klasick\u00e9 parn\u00ed sauny z\u016fst\u00e1v\u00e1 u \u00e1jurv\u00e9dsk\u00e9 svedany hlava klienta mimo parn\u00ed box, jeho\u017e vnit\u0159n\u00ed teplota se pohybuje okolo 40\u00b0C, tak\u017ee se t\u011blo nep\u0159eh\u0159\u00edv\u00e1 a nepro\u017e\u00edv\u00e1 stres.<\/p>\n<p>Velmi vhodn\u00e9 je za\u0159adit napa\u0159ov\u00e1n\u00ed v bylinn\u00e9 parn\u00ed saun\u011b po olejov\u00e9 mas\u00e1\u017ei Abhyanga, kdy doch\u00e1z\u00ed k otev\u00edr\u00e1n\u00ed p\u00f3r\u016f, vst\u0159eb\u00e1v\u00e1n\u00ed oleje do podko\u017e\u00ed a n\u00e1sledn\u00e9mu uvol\u0148ov\u00e1n\u00ed ne\u010distot ulo\u017een\u00fdch v hlubok\u00fdch tk\u00e1n\u00edch t\u011bla. S t\u00edm, jak se t\u011blo proh\u0159\u00edv\u00e1, je z\u00e1rove\u0148 stimulov\u00e1n cel\u00fd ob\u011bhov\u00fd syst\u00e9m, uvol\u0148uj\u00ed se svaly a celkov\u011b se posiluje imunitn\u00ed syst\u00e9m.<\/p>\n<p><strong>Napa\u0159ov\u00e1n\u00ed v bylinn\u00e9 parn\u00ed saun\u011b m\u016f\u017eete vyu\u017e\u00edt jako sou\u010d\u00e1st v\u0161ech mas\u00e1\u017e\u00ed po p\u0159edchoz\u00ed dohod\u011b.<\/strong><\/p>\n<p>&nbsp;<\/p>\n<h5>DOBA O\u0160ET\u0158EN\u00cd: 20 min. pobyt v parn\u00edm boxu<\/h5>\n<p>&nbsp;<\/p>\n<h5>CENA: 300,-K\u010d<\/h5>\n<p>&nbsp;<\/p>\n<p>[\/et_pb_text][\/et_pb_column][et_pb_column type=&#8220;1_3&#8243; _builder_version=&#8220;4.15&#8243; custom_padding=&#8220;|||&#8220; global_colors_info=&#8220;{}&#8220; custom_padding__hover=&#8220;|||&#8220;][et_pb_text admin_label=&#8220;\u00da\u010dinky&#8220; _builder_version=&#8220;4.15&#8243; background_size=&#8220;initial&#8220; background_position=&#8220;top_left&#8220; background_repeat=&#8220;repeat&#8220; background_layout=&#8220;dark&#8220; use_border_color=&#8220;off&#8220; border_color=&#8220;#ffffff&#8220; border_style=&#8220;solid&#8220; global_colors_info=&#8220;{}&#8220;]<\/p>\n<h3>\u00da\u010cINKY<\/h3>\n<ul>\n<li>Podpora krevn\u00edho ob\u011bhu<\/li>\n<li>Uvoln\u011bn\u00ed toxin\u016f z t\u011bla<\/li>\n<li>Uvoln\u011bn\u00ed svalov\u00e9ho nap\u011bt\u00ed<\/li>\n<li>Zm\u00edrn\u011bn\u00ed bolest\u00ed pohybov\u00e9ho apar\u00e1tu<\/li>\n<li>P\u0159\u00edzniv\u00e9 \u00fa\u010dinky na ple\u0165 a jej\u00ed elasticitu<\/li>\n<li>Pos\u00edlen\u00ed imunitn\u00edho syst\u00e9mu<\/li>\n<li>P\u0159\u00edjemn\u00e9 proh\u0159\u00e1t\u00ed organismu<\/li>\n<li>Celkov\u00e9 zklidn\u011bn\u00ed a obnoven\u00ed du\u0161evn\u00ed rovnov\u00e1hy<\/li>\n<\/ul>\n<h3>\u00a0<\/h3>\n<p>[\/et_pb_text][\/et_pb_column][et_pb_column type=&#8220;1_3&#8243; _builder_version=&#8220;4.15&#8243; custom_padding=&#8220;|||&#8220; global_colors_info=&#8220;{}&#8220; custom_padding__hover=&#8220;|||&#8220;][et_pb_text admin_label=&#8220;Svedana&#8220; _builder_version=&#8220;4.15&#8243; background_size=&#8220;initial&#8220; background_position=&#8220;top_left&#8220; background_repeat=&#8220;repeat&#8220; background_layout=&#8220;dark&#8220; use_border_color=&#8220;off&#8220; global_colors_info=&#8220;{}&#8220;]<\/p>\n<h3>KONTRAINDIKACE<\/h3>\n<p><strong>Kdy si svedan odep\u0159\u00edt:<\/strong><\/p>\n<ul>\n<li>T\u011bhotenstv\u00ed<\/li>\n<li>Cukrovka<\/li>\n<li>Epilepsie<\/li>\n<li>Plicn\u00ed a srde\u010dn\u00ed onemocn\u011bn\u00ed<\/li>\n<li>Hemoroidy<\/li>\n<\/ul>\n<p>&nbsp;<\/p>\n<p>[\/et_pb_text][\/et_pb_column][\/et_pb_row][\/et_pb_section][et_pb_section fb_built=&#8220;1&#8243; admin_label=&#8220;section&#8220; module_id=&#8220;kontakt&#8220; module_class=&#8220;gen-section-height&#8220; _builder_version=&#8220;4.15&#8243; background_image=&#8220;https:\/\/www.machalicka.eu\/wp-content\/uploads\/2017\/04\/kontakt-back-01.jpg&#8220; global_module=&#8220;227&#8243; global_colors_info=&#8220;{}&#8220;][et_pb_row _builder_version=&#8220;4.15&#8243; background_size=&#8220;initial&#8220; background_position=&#8220;top_left&#8220; background_repeat=&#8220;repeat&#8220; global_colors_info=&#8220;{}&#8220;][et_pb_column type=&#8220;4_4&#8243; _builder_version=&#8220;4.15&#8243; custom_padding=&#8220;|||&#8220; global_colors_info=&#8220;{}&#8220; custom_padding__hover=&#8220;|||&#8220;][et_pb_text _builder_version=&#8220;4.15&#8243; text_orientation=&#8220;center&#8220; background_layout=&#8220;dark&#8220; global_colors_info=&#8220;{}&#8220;]<\/p>\n<h1>KONTAKT<\/h1>\n<p>[\/et_pb_text][\/et_pb_column][\/et_pb_row][et_pb_row column_structure=&#8220;2_3,1_3&#8243; use_custom_gutter=&#8220;on&#8220; gutter_width=&#8220;2&#8243; make_equal=&#8220;on&#8220; _builder_version=&#8220;4.15&#8243; background_color=&#8220;rgba(0,0,0,0.53)&#8220; background_size=&#8220;initial&#8220; background_position=&#8220;top_left&#8220; background_repeat=&#8220;repeat&#8220; max_width=&#8220;80%&#8220; custom_padding=&#8220;20px|20px|14px|20px&#8220; use_custom_width=&#8220;on&#8220; width_unit=&#8220;off&#8220; global_colors_info=&#8220;{}&#8220;][et_pb_column type=&#8220;2_3&#8243; _builder_version=&#8220;4.15&#8243; custom_padding=&#8220;|||&#8220; global_colors_info=&#8220;{}&#8220; custom_padding__hover=&#8220;|||&#8220;][et_pb_text disabled_on=&#8220;off|off|off&#8220; admin_label=&#8220;Text&#8220; module_class=&#8220;profil&#8220; _builder_version=&#8220;4.15.1&#8243; background_layout=&#8220;dark&#8220; custom_margin=&#8220;10px|||&#8220; z_index_tablet=&#8220;500&#8243; use_border_color=&#8220;off&#8220; global_colors_info=&#8220;{}&#8220;]<\/p>\n<p>&nbsp;<\/p>\n<p>&nbsp;<\/p>\n<div class=\"et_pb_module et-waypoint et_pb_image et_pb_animation_off et_pb_image_1 et_always_center_on_mobile et-animated align_left\">\u00a0<\/div>\n<h3 style=\"text-align: left;\">OBJEDN\u00c1N\u00cd:<\/h3>\n<p>Provozn\u00ed doba je odvozena podle objedn\u00e1vek, oby\u010dejn\u011b <strong>PO, \u00daT, \u010cT a P\u00c1 9:30 &#8211; 17.30<\/strong>. V\u00edkendy a sv\u00e1tky si nech\u00e1v\u00e1m pro sebe.<\/p>\n<p><strong>Na mas\u00e1\u017ee se pros\u00edm objedn\u00e1vejte p\u0159edem, ide\u00e1ln\u011b telefonicky. <\/strong>Pokud nezved\u00e1m telefon, ozvu se v\u00e1m zp\u011bt, jakmile budu na p\u0159\u00edjmu.<br \/>Pro va\u0161e pohodl\u00ed m\u016f\u017eete vyu\u017e\u00edt i zelen\u00e9 tla\u010d\u00edtko rezerva\u010dn\u00edho syst\u00e9mu.<\/p>\n<p><strong>Na mas\u00e1\u017e p\u0159ij\u010fte pros\u00edm v\u010das.<\/strong> <strong>Pokud nem\u016f\u017eete p\u0159ij\u00edt, informujte mne o tom pros\u00edm co nejd\u0159\u00edve na \u010d\u00edsle +420 606 460 590.<br \/><\/strong>V opa\u010dn\u00e9m p\u0159\u00edpad\u011b \u00fa\u010dtuji storno 100%.<\/p>\n<p>&nbsp;<\/p>\n<p>[\/et_pb_text][\/et_pb_column][et_pb_column type=&#8220;1_3&#8243; _builder_version=&#8220;4.15&#8243; custom_padding=&#8220;|||&#8220; global_colors_info=&#8220;{}&#8220; custom_padding__hover=&#8220;|||&#8220;][et_pb_text _builder_version=&#8220;4.15&#8243; background_size=&#8220;initial&#8220; background_position=&#8220;top_left&#8220; background_repeat=&#8220;repeat&#8220; background_layout=&#8220;dark&#8220; custom_margin=&#8220;10px|||&#8220; z_index_tablet=&#8220;500&#8243; use_border_color=&#8220;off&#8220; global_colors_info=&#8220;{}&#8220;]<\/p>\n<p>\u00a0<\/p>\n<p>\u00a0<\/p>\n<h3>KONTAKT:<\/h3>\n<p>Jitka Machalick\u00e1<br \/>\u0160ultysova 153, Kutn\u00e1 Hora<br \/>Telefon: +420\u00a0606 460 590<br \/>e-mail: jitka@machalicka.eu<br \/>I\u010cO: 629 52 463, M\u011b\u00da Kutn\u00e1 Hora<\/p>\n<p>\u00a0<\/p>\n<p>[\/et_pb_text][et_pb_code module_id=&#8220;rezervovat-cas&#8220; _builder_version=&#8220;4.15&#8243; global_colors_info=&#8220;{}&#8220;]<!-- inserted reservanto code --><!-- [et_pb_line_break_holder] --><\/p>\n<div class=\"reservanto-widget\" data-text=\"Rezervovat\" data-id=\"16241\" data-color-text=\"#ffffff\" data-color-text-shadow=\"#078185\" data-color-bg=\"#0ac1cb\" data-color-bg-hover=\"#13cbd1\" data-color-boxshadow=\"#078185\" ><\/div>\n<p><!-- [et_pb_line_break_holder] --><script id=\"reservanto-widget-script\" type=\"text\/javascript\" src=\"https:\/\/booking.reservanto.cz\/Script\/reservanto-script.js?id=16241&#038;noAction=true\"><\/script><!-- [et_pb_line_break_holder] --><!-- end of inserted reservanto code -->[\/et_pb_code][et_pb_map address=&#8220;\u0160ultysova 153\/1, Vnit\u0159n\u00ed M\u011bsto, 284 01 Kutn\u00e1 Hora, \u010cesko&#8220; address_lat=&#8220;49.94928220000003&#8243; address_lng=&#8220;15.26673640000003&#8243; use_grayscale_filter=&#8220;on&#8220; grayscale_filter_amount=&#8220;26&#8243; _builder_version=&#8220;4.15&#8243; child_filter_saturate=&#8220;74%&#8220; global_colors_info=&#8220;{}&#8220;][et_pb_map_pin title=&#8220;Ajurv\u00e9dsk\u00e9 mas\u00e1\u017ee, Jitka Machalick\u00e1&#8220; pin_address=&#8220;\u0160ultysova 153\/1, Vnit\u0159n\u00ed M\u011bsto, 284 01 Kutn\u00e1 Hora, \u010cesko&#8220; pin_address_lat=&#8220;49.949323621794434&#8243; pin_address_lng=&#8220;15.266771268717207&#8243; _builder_version=&#8220;3.0.47&#8243; global_colors_info=&#8220;{}&#8220;][\/et_pb_map_pin][\/et_pb_map][et_pb_code disabled_on=&#8220;on|off|off&#8220; module_id=&#8220;rezervovat-cas&#8220; _builder_version=&#8220;4.15&#8243; positioning=&#8220;fixed&#8220; position_origin_f=&#8220;top_right&#8220; vertical_offset=&#8220;80px&#8220; horizontal_offset=&#8220;22px&#8220; animation_style=&#8220;slide&#8220; animation_direction=&#8220;right&#8220; animation_duration=&#8220;500ms&#8220; global_colors_info=&#8220;{}&#8220;]<!-- inserted reservanto code --><!-- [et_pb_line_break_holder] --><\/p>\n<div class=\"reservanto-widget\" data-text=\"Rezervovat\" data-id=\"16241\" data-color-text=\"#ffffff\" data-color-text-shadow=\"#078185\" data-color-bg=\"#0ac1cb\" data-color-bg-hover=\"#13cbd1\" data-color-boxshadow=\"#078185\" ><\/div>\n<p><!-- [et_pb_line_break_holder] --><script id=\"reservanto-widget-script\" type=\"text\/javascript\" src=\"https:\/\/booking.reservanto.cz\/Script\/reservanto-script.js?id=16241&#038;noAction=true\"><\/script><!-- [et_pb_line_break_holder] --><!-- end of inserted reservanto code -->[\/et_pb_code][\/et_pb_column][\/et_pb_row][\/et_pb_section]<\/p>\n","protected":false},"excerpt":{"rendered":"<p>BYLINN\u00dd PARN\u00cd BOX SVEDANO PROCEDU\u0158E Svedana, neboli napa\u0159ovac\u00ed terapie, kter\u00e1 pat\u0159\u00ed mezi nej\u00fa\u010dinn\u011bj\u0161\u00ed procedury \u00e1jurv\u00e9dsk\u00fdch mas\u00e1\u017e\u00ed, pom\u00e1h\u00e1 t\u011blu zbavovat se nahromad\u011bn\u00fdch ne\u010distot. Bylinn\u00e1 parn\u00ed sauna svedan je d\u0159ev\u011bn\u00fd box, do n\u011bho\u017e proud\u00ed tepl\u00e1 p\u00e1ra prosycen\u00e1 vonn\u00fdmi silicemi z bylin vybran\u00fdch podle typologie klienta. P\u00e1ra zp\u016fsobuje pocen\u00ed, kter\u00e9 roztahuje energetick\u00e9 kan\u00e1ly (\u0161r\u00f3ty) a zkapal\u0148uje a odstra\u0148uje [&hellip;]<\/p>\n","protected":false},"author":2,"featured_media":0,"parent":0,"menu_order":0,"comment_status":"closed","ping_status":"closed","template":"","meta":{"_et_pb_use_builder":"on","_et_pb_old_content":"<h3>Bylinn\u00e1 parn\u00ed sauna<\/h3><p>Svedana, neboli napa\u0159ovac\u00ed terapie, pat\u0159\u00ed mezi\u00a0nej\u00fa\u010dinn\u011bj\u0161\u00ed terapie ajurv\u00e9dsk\u00fdch mas\u00e1\u017e\u00ed, kter\u00e1 pom\u00e1h\u00e1 t\u011blu zbavovat se ne\u010distot.<\/p><p>Bylinn\u00e1 parn\u00ed sauna je d\u0159ev\u011bn\u00fd box, do n\u011bho\u017e proud\u00ed tepl\u00e1 p\u00e1ra prosycen\u00e1 vonn\u00fdmi silicemi z\u00a0bylin vybran\u00fdch podle typologie klienta. To zp\u016fsobuje pocen\u00ed, kter\u00e9 roztahuje energetick\u00e9 kan\u00e1ly (\u0161r\u00f3ty) a zkapal\u0148uje a odstra\u0148uje ne\u010distoty p\u0159es k\u016f\u017ei a pozd\u011bji i tr\u00e1vic\u00ed \u00fastroj\u00ed.<\/p><p>Na rozd\u00edl od klasick\u00e9 parn\u00ed sauny z\u016fst\u00e1v\u00e1 u ajurv\u00e9dsk\u00e9 svedany hlava klienta mimo parn\u00ed box, jeho\u017e vnit\u0159n\u00ed teplota se pohybuje okolo 40\u00b0C, tak\u017ee se t\u011blo nep\u0159eh\u0159\u00edv\u00e1 a nepro\u017e\u00edv\u00e1 stres.<\/p><p>Velmi vhodn\u00e9 je za\u0159adit napa\u0159ov\u00e1n\u00ed v\u00a0bylinn\u00e9 parn\u00ed saun\u011b po olejov\u00e9 mas\u00e1\u017ei, kdy doch\u00e1z\u00ed ke vst\u0159eb\u00e1v\u00e1n\u00ed oleje do podko\u017e\u00ed, otev\u00edr\u00e1n\u00ed p\u00f3r\u016f a n\u00e1sledn\u00e9mu uvol\u0148ov\u00e1n\u00ed ne\u010distot ulo\u017een\u00fdch v\u00a0hlubok\u00fdch tk\u00e1n\u00edch t\u011bla. S\u00a0t\u00edm, jak se t\u011blo proh\u0159\u00edv\u00e1, je z\u00e1rove\u0148 stimulov\u00e1n cel\u00fd ob\u011bhov\u00fd syst\u00e9m, uvol\u0148uj\u00ed se svaly a celkov\u011b se posiluje imunitn\u00ed syst\u00e9m.<\/p><h3>\u00da\u010dinky svedanu:<\/h3><ul><li>Podpora krevn\u00edho ob\u011bhu<\/li><li>Uvoln\u011bn\u00ed toxin\u016f z t\u011bla<\/li><li>Uvoln\u011bn\u00ed svalov\u00e9ho nap\u011bt\u00ed<\/li><li>Zm\u00edrn\u011bn\u00ed bolest\u00ed pohybov\u00e9ho apar\u00e1tu<\/li><li>P\u0159\u00edzniv\u00e9 \u00fa\u010dinky na ple\u0165 a jej\u00ed elasticitu<\/li><li>Pos\u00edlen\u00ed imunitn\u00edho syst\u00e9mu<\/li><li>P\u0159\u00edjemn\u00e9 proh\u0159\u00e1t\u00ed organismu<\/li><li>Celkov\u00e9 zklidn\u011bn\u00ed a obnoven\u00ed du\u0161evn\u00ed rovnov\u00e1hy<\/li><\/ul><h3>Kontraindikace aneb kdy si svedan odep\u0159\u00edt:<\/h3><ul><li>T\u011bhotenstv\u00ed<\/li><li>Cukrovka<\/li><li>Epilepsie<\/li><li>Plicn\u00ed a srde\u010dn\u00ed onemocn\u011bn\u00ed<\/li><li>Hemoroidy<\/li><\/ul><h3>Doba o\u0161et\u0159en\u00ed:<\/h3><ul><li>nan\u00e1\u0161en\u00ed oleje 20 min. + 20 min. pobyt v\u00a0parn\u00edm boxu<\/li><li>\u00a0n\u00e1sleduje 10 min. relax<\/li><\/ul><p>Cena: 390,-K\u010d<\/p>","_et_gb_content_width":"","_mi_skip_tracking":false},"_links":{"self":[{"href":"https:\/\/www.machalicka.eu\/index.php?rest_route=\/wp\/v2\/pages\/106"}],"collection":[{"href":"https:\/\/www.machalicka.eu\/index.php?rest_route=\/wp\/v2\/pages"}],"about":[{"href":"https:\/\/www.machalicka.eu\/index.php?rest_route=\/wp\/v2\/types\/page"}],"author":[{"embeddable":true,"href":"https:\/\/www.machalicka.eu\/index.php?rest_route=\/wp\/v2\/users\/2"}],"replies":[{"embeddable":true,"href":"https:\/\/www.machalicka.eu\/index.php?rest_route=%2Fwp%2Fv2%2Fcomments&post=106"}],"version-history":[{"count":24,"href":"https:\/\/www.machalicka.eu\/index.php?rest_route=\/wp\/v2\/pages\/106\/revisions"}],"predecessor-version":[{"id":1530,"href":"https:\/\/www.machalicka.eu\/index.php?rest_route=\/wp\/v2\/pages\/106\/revisions\/1530"}],"wp:attachment":[{"href":"https:\/\/www.machalicka.eu\/index.php?rest_route=%2Fwp%2Fv2%2Fmedia&parent=106"}],"curies":[{"name":"wp","href":"https:\/\/api.w.org\/{rel}","templated":true}]}}