{"id":546,"date":"2017-05-04T15:48:13","date_gmt":"2017-05-04T15:48:13","guid":{"rendered":"http:\/\/www.machalicka.eu\/?page_id=546"},"modified":"2025-11-12T16:48:14","modified_gmt":"2025-11-12T16:48:14","slug":"ajurvedske-masaze","status":"publish","type":"page","link":"https:\/\/www.machalicka.eu\/?page_id=546","title":{"rendered":"AJURV\u00c9DSK\u00c9 MAS\u00c1\u017dE"},"content":{"rendered":"<p>[et_pb_section fb_built=&#8220;1&#8243; admin_label=&#8220;section&#8220; module_id=&#8220;radek2&#8243; module_class=&#8220;gen-section-height&#8220; _builder_version=&#8220;4.15&#8243; background_image=&#8220;https:\/\/www.machalicka.eu\/wp-content\/uploads\/2017\/04\/DSC03341.jpg&#8220; transparent_background=&#8220;off&#8220; make_fullwidth=&#8220;off&#8220; use_custom_width=&#8220;off&#8220; width_unit=&#8220;on&#8220; global_colors_info=&#8220;{}&#8220;][et_pb_row module_class=&#8220;nadpis_sekce&#8220; _builder_version=&#8220;4.15&#8243; background_size=&#8220;initial&#8220; background_position=&#8220;top_left&#8220; background_repeat=&#8220;repeat&#8220; max_width=&#8220;80%&#8220; make_fullwidth=&#8220;off&#8220; use_custom_width=&#8220;on&#8220; width_unit=&#8220;off&#8220; custom_width_px=&#8220;80%&#8220; global_colors_info=&#8220;{}&#8220;][et_pb_column type=&#8220;4_4&#8243; _builder_version=&#8220;4.15&#8243; custom_padding=&#8220;|||&#8220; global_colors_info=&#8220;{}&#8220; custom_padding__hover=&#8220;|||&#8220;][et_pb_text _builder_version=&#8220;4.15&#8243; background_size=&#8220;initial&#8220; background_position=&#8220;top_left&#8220; background_repeat=&#8220;repeat&#8220; text_orientation=&#8220;center&#8220; background_layout=&#8220;dark&#8220; module_alignment=&#8220;center&#8220; hover_enabled=&#8220;0&#8243; z_index_tablet=&#8220;500&#8243; use_border_color=&#8220;off&#8220; global_colors_info=&#8220;{}&#8220; sticky_enabled=&#8220;0&#8243;]<\/p>\n<h2>\u00c1JURV\u00c9DSK\u00c9 MAS\u00c1\u017dE<\/h2>\n<p>[\/et_pb_text][et_pb_text _builder_version=&#8220;4.15.1&#8243; background_color=&#8220;rgba(0,0,0,0.53)&#8220; background_size=&#8220;initial&#8220; background_position=&#8220;top_left&#8220; background_repeat=&#8220;repeat&#8220; background_layout=&#8220;dark&#8220; custom_padding=&#8220;50px|50px|50px|50px&#8220; hover_enabled=&#8220;0&#8243; z_index_tablet=&#8220;500&#8243; use_border_color=&#8220;off&#8220; global_colors_info=&#8220;{}&#8220; sticky_enabled=&#8220;0&#8243;]<\/p>\n<h3>\u00c1jurv\u00e9da je prad\u00e1vn\u00e1 v\u00e9dsk\u00e1 moudrost,<\/h3>\n<p>zab\u00fdvaj\u00edc\u00ed se \u017eivotem v\u00a0jeho \u00faplnosti, se zvl\u00e1\u0161tn\u00edm d\u016frazem na individu\u00e1ln\u00ed pot\u0159eby \u010dlov\u011bka ve vztahu k\u00a0t\u011blesn\u00e9mu a du\u0161evn\u00edmu zdrav\u00ed. Tento <strong>starobyl\u00fd indick\u00fd l\u00e9\u010debn\u00fd syst\u00e9m<\/strong> je systematick\u00fdm pojedn\u00e1n\u00edm o zp\u016fsobu \u017eivota. U\u010d\u00ed, \u017ee t\u011blesn\u00e9, du\u0161evn\u00ed, duchovn\u00ed \u010di filozofick\u00e9 dimenze na\u0161eho byt\u00ed jsou vz\u00e1jemn\u011b propojeny.\u00a0<strong>Zam\u011b\u0159uje se p\u0159edev\u0161\u00edm na prevenci<\/strong>\u00a0pomoc\u00ed pozitivn\u00edho my\u0161len\u00ed, vyv\u00e1\u017een\u00e9 stravy a zdrav\u00e9ho \u017eivotn\u00edho stylu.<br \/>Z\u00e1kladn\u00edm principem \u00e1jurv\u00e9dy je udr\u017eovat rovnov\u00e1hu jednotliv\u00fdch d\u00f3\u0161 podle sv\u00e9 dan\u00e9 konstituce pro zachov\u00e1n\u00ed fyzick\u00e9ho i du\u0161evn\u00edho zdrav\u00ed, vnit\u0159n\u00ed rovnov\u00e1hy a harmonie.<\/p>\n<h3>\u00c1jurv\u00e9dsk\u00e9 mas\u00e1\u017ee a terapie jsou ned\u00edlnou sou\u010d\u00e1st\u00ed p\u00e9\u010de o t\u011blesn\u00e9 a du\u0161evn\u00ed zdrav\u00ed.<\/h3>\n<p>Stres, nap\u011bt\u00ed, starosti, nespokojenost \u2013 to je jen mal\u00fd v\u00fd\u010det negativn\u00edch dopad\u016f dne\u0161n\u00ed usp\u011bchan\u00e9 doby. Lid\u00e9 se tr\u00e1p\u00ed a p\u0159ed\u010dasn\u011b st\u00e1rnou. V\u00a0t\u011ble se usazuj\u00ed toxiny a doslova otravuj\u00ed nejen na\u0161e t\u011blo, ale i mysl.<\/p>\n<p>\u00c1jurv\u00e9dsk\u00e1 mas\u00e1\u017e m\u00e1 neoceniteln\u00fd p\u0159\u00ednos pro na\u0161e t\u011blesn\u00e9 i du\u0161evn\u00ed zdrav\u00ed. Harmonizuje t\u0159i t\u011blesn\u00e9 energie \u2013 d\u00f3\u0161i, posiluje tak cel\u00fd organismus, pom\u00e1h\u00e1 zpomalit st\u00e1rnut\u00ed, prodlou\u017eit d\u00e9lku \u017eivota, odstranit \u00fanavu, zpevnit poko\u017eku, navodit klidn\u00fd a hlubok\u00fd sp\u00e1nek \u010di zv\u00fd\u0161it odolnost v\u016f\u010di disharmonii a nemoci. Uvol\u0148uje svaly, nervy a kosti, napom\u00e1h\u00e1 tr\u00e1vic\u00edmu syst\u00e9mu udr\u017eet rovnov\u00e1hu, zvy\u0161uje trp\u011blivost i sebed\u016fv\u011bru a p\u0159in\u00e1\u0161\u00ed pocity radosti a spokojenosti. Mas\u00e1\u017e tak\u00e9 podporuje ob\u011bh v\u00fd\u017eivn\u00fdch l\u00e1tek a umo\u017e\u0148uje organismu vylu\u010dovat toxiny a odpadn\u00ed l\u00e1tky usazen\u00e9 hluboko v na\u0161em organismu, \u010d\u00edm\u017e v\u00fdrazn\u011b p\u0159isp\u00edv\u00e1 k pro\u010di\u0161t\u011bn\u00ed t\u011bla a udr\u017eov\u00e1n\u00ed zdrav\u00ed. Zvy\u0161uje tak vitalitu a \u017eivotn\u00ed energii.<\/p>\n<h3>Marmy<\/h3>\n<p>P\u0159i \u00e1jurv\u00e9dsk\u00e9 mas\u00e1\u017ei doch\u00e1z\u00ed ke stimulaci energetick\u00fdch bod\u016f &#8211; tzv. marem. V lidsk\u00e9m t\u011ble se nach\u00e1z\u00ed 107 hlavn\u00edch energetick\u00fdch bod\u016f, z nich\u017e nejv\u00edce se nach\u00e1z\u00ed na hlav\u011b a krku. Jsou to uzlov\u00e9 body, k\u0159i\u017eovatky, v nich\u017e se setk\u00e1v\u00e1 energie t\u011bla a mysli. Na t\u011bchto spoj\u00edch vstupuj\u00ed do organismu nervy, lymfa, tepny a \u017e\u00edly, kter\u00e9 p\u0159en\u00e1\u0161ej\u00ed v\u00fd\u017eivn\u00e9 l\u00e1tky a vlhkost do sval\u016f, vaz\u016f, kost\u00ed a kloub\u016f. Podn\u011bcov\u00e1n\u00edm t\u011bchto bod\u016f, nap\u0159. tlakovou mas\u00e1\u017e\u00ed nebo cvi\u010den\u00edm, dos\u00e1hneme rovnov\u00e1hy v cel\u00e9m t\u011ble, blokovan\u00e9 marmy se uvoln\u00ed a poskytnou fyzickou a psychickou relaxaci a s\u00edlu.<\/p>\n<p>Po mas\u00e1\u017ei je d\u016fle\u017eit\u00e1 tak\u00e9 n\u00e1sledn\u00e1 relaxace, ide\u00e1ln\u011b v parn\u00ed saun\u011b (svedanu), ve kter\u00e9 doch\u00e1z\u00ed ke vst\u0159eb\u00e1n\u00ed olej\u016f do poko\u017eky a n\u00e1sledn\u00e9mu vylou\u010den\u00ed toxin\u016f.<\/p>\n<p>Pro \u00e1jurv\u00e9dsk\u00e9 a relaxa\u010dn\u00ed mas\u00e1\u017ee pou\u017e\u00edv\u00e1m za studena lisovan\u00e9 p\u0159\u00edrodn\u00ed oleje, zvolen\u00e9 podle typu \u010dlov\u011bka, p\u0159\u00edpadn\u011b dle nerovnov\u00e1hy dan\u00e9 energie.<\/p>\n<p>[\/et_pb_text][\/et_pb_column][\/et_pb_row][\/et_pb_section][et_pb_section fb_built=&#8220;1&#8243; admin_label=&#8220;section&#8220; module_id=&#8220;kontakt&#8220; module_class=&#8220;gen-section-height&#8220; _builder_version=&#8220;4.15&#8243; background_image=&#8220;https:\/\/www.machalicka.eu\/wp-content\/uploads\/2017\/04\/kontakt-back-01.jpg&#8220; global_module=&#8220;227&#8243; global_colors_info=&#8220;{}&#8220;][et_pb_row _builder_version=&#8220;4.15&#8243; background_size=&#8220;initial&#8220; background_position=&#8220;top_left&#8220; background_repeat=&#8220;repeat&#8220; global_colors_info=&#8220;{}&#8220;][et_pb_column type=&#8220;4_4&#8243; _builder_version=&#8220;4.15&#8243; custom_padding=&#8220;|||&#8220; global_colors_info=&#8220;{}&#8220; custom_padding__hover=&#8220;|||&#8220;][et_pb_text _builder_version=&#8220;4.15&#8243; text_orientation=&#8220;center&#8220; background_layout=&#8220;dark&#8220; global_colors_info=&#8220;{}&#8220;]<\/p>\n<h1>KONTAKT<\/h1>\n<p>[\/et_pb_text][\/et_pb_column][\/et_pb_row][et_pb_row column_structure=&#8220;2_3,1_3&#8243; use_custom_gutter=&#8220;on&#8220; gutter_width=&#8220;2&#8243; make_equal=&#8220;on&#8220; _builder_version=&#8220;4.15&#8243; background_color=&#8220;rgba(0,0,0,0.53)&#8220; background_size=&#8220;initial&#8220; background_position=&#8220;top_left&#8220; background_repeat=&#8220;repeat&#8220; max_width=&#8220;80%&#8220; custom_padding=&#8220;20px|20px|14px|20px&#8220; use_custom_width=&#8220;on&#8220; width_unit=&#8220;off&#8220; global_colors_info=&#8220;{}&#8220;][et_pb_column type=&#8220;2_3&#8243; _builder_version=&#8220;4.15&#8243; custom_padding=&#8220;|||&#8220; global_colors_info=&#8220;{}&#8220; custom_padding__hover=&#8220;|||&#8220;][et_pb_text disabled_on=&#8220;off|off|off&#8220; admin_label=&#8220;Text&#8220; module_class=&#8220;profil&#8220; _builder_version=&#8220;4.15.1&#8243; background_layout=&#8220;dark&#8220; custom_margin=&#8220;10px|||&#8220; z_index_tablet=&#8220;500&#8243; use_border_color=&#8220;off&#8220; global_colors_info=&#8220;{}&#8220;]<\/p>\n<p>&nbsp;<\/p>\n<p>&nbsp;<\/p>\n<div class=\"et_pb_module et-waypoint et_pb_image et_pb_animation_off et_pb_image_1 et_always_center_on_mobile et-animated align_left\">\u00a0<\/div>\n<h3 style=\"text-align: left;\">OBJEDN\u00c1N\u00cd:<\/h3>\n<p>Provozn\u00ed doba je odvozena podle objedn\u00e1vek, oby\u010dejn\u011b <strong>PO, \u00daT, \u010cT a P\u00c1 9:30 &#8211; 17.30<\/strong>. V\u00edkendy a sv\u00e1tky si nech\u00e1v\u00e1m pro sebe.<\/p>\n<p><strong>Na mas\u00e1\u017ee se pros\u00edm objedn\u00e1vejte p\u0159edem, ide\u00e1ln\u011b telefonicky. <\/strong>Pokud nezved\u00e1m telefon, ozvu se v\u00e1m zp\u011bt, jakmile budu na p\u0159\u00edjmu.<br \/>Pro va\u0161e pohodl\u00ed m\u016f\u017eete vyu\u017e\u00edt i zelen\u00e9 tla\u010d\u00edtko rezerva\u010dn\u00edho syst\u00e9mu.<\/p>\n<p><strong>Na mas\u00e1\u017e p\u0159ij\u010fte pros\u00edm v\u010das.<\/strong> <strong>Pokud nem\u016f\u017eete p\u0159ij\u00edt, informujte mne o tom pros\u00edm co nejd\u0159\u00edve na \u010d\u00edsle +420 606 460 590.<br \/><\/strong>V opa\u010dn\u00e9m p\u0159\u00edpad\u011b \u00fa\u010dtuji storno 100%.<\/p>\n<p>&nbsp;<\/p>\n<p>[\/et_pb_text][\/et_pb_column][et_pb_column type=&#8220;1_3&#8243; _builder_version=&#8220;4.15&#8243; custom_padding=&#8220;|||&#8220; global_colors_info=&#8220;{}&#8220; custom_padding__hover=&#8220;|||&#8220;][et_pb_text _builder_version=&#8220;4.15&#8243; background_size=&#8220;initial&#8220; background_position=&#8220;top_left&#8220; background_repeat=&#8220;repeat&#8220; background_layout=&#8220;dark&#8220; custom_margin=&#8220;10px|||&#8220; z_index_tablet=&#8220;500&#8243; use_border_color=&#8220;off&#8220; global_colors_info=&#8220;{}&#8220;]<\/p>\n<p>\u00a0<\/p>\n<p>\u00a0<\/p>\n<h3>KONTAKT:<\/h3>\n<p>Jitka Machalick\u00e1<br \/>\u0160ultysova 153, Kutn\u00e1 Hora<br \/>Telefon: +420\u00a0606 460 590<br \/>e-mail: jitka@machalicka.eu<br \/>I\u010cO: 629 52 463, M\u011b\u00da Kutn\u00e1 Hora<\/p>\n<p>\u00a0<\/p>\n<p>[\/et_pb_text][et_pb_code module_id=&#8220;rezervovat-cas&#8220; _builder_version=&#8220;4.15&#8243; global_colors_info=&#8220;{}&#8220;]<!-- inserted reservanto code --><!-- [et_pb_line_break_holder] --><\/p>\n<div class=\"reservanto-widget\" data-text=\"Rezervovat\" data-id=\"16241\" data-color-text=\"#ffffff\" data-color-text-shadow=\"#078185\" data-color-bg=\"#0ac1cb\" data-color-bg-hover=\"#13cbd1\" data-color-boxshadow=\"#078185\" ><\/div>\n<p><!-- [et_pb_line_break_holder] --><script id=\"reservanto-widget-script\" type=\"text\/javascript\" src=\"https:\/\/booking.reservanto.cz\/Script\/reservanto-script.js?id=16241&#038;noAction=true\"><\/script><!-- [et_pb_line_break_holder] --><!-- end of inserted reservanto code -->[\/et_pb_code][et_pb_map address=&#8220;\u0160ultysova 153\/1, Vnit\u0159n\u00ed M\u011bsto, 284 01 Kutn\u00e1 Hora, \u010cesko&#8220; address_lat=&#8220;49.94928220000003&#8243; address_lng=&#8220;15.26673640000003&#8243; use_grayscale_filter=&#8220;on&#8220; grayscale_filter_amount=&#8220;26&#8243; _builder_version=&#8220;4.15&#8243; child_filter_saturate=&#8220;74%&#8220; global_colors_info=&#8220;{}&#8220;][et_pb_map_pin title=&#8220;Ajurv\u00e9dsk\u00e9 mas\u00e1\u017ee, Jitka Machalick\u00e1&#8220; pin_address=&#8220;\u0160ultysova 153\/1, Vnit\u0159n\u00ed M\u011bsto, 284 01 Kutn\u00e1 Hora, \u010cesko&#8220; pin_address_lat=&#8220;49.949323621794434&#8243; pin_address_lng=&#8220;15.266771268717207&#8243; _builder_version=&#8220;3.0.47&#8243; global_colors_info=&#8220;{}&#8220;][\/et_pb_map_pin][\/et_pb_map][et_pb_code disabled_on=&#8220;on|off|off&#8220; module_id=&#8220;rezervovat-cas&#8220; _builder_version=&#8220;4.15&#8243; positioning=&#8220;fixed&#8220; position_origin_f=&#8220;top_right&#8220; vertical_offset=&#8220;80px&#8220; horizontal_offset=&#8220;22px&#8220; animation_style=&#8220;slide&#8220; animation_direction=&#8220;right&#8220; animation_duration=&#8220;500ms&#8220; global_colors_info=&#8220;{}&#8220;]<!-- inserted reservanto code --><!-- [et_pb_line_break_holder] --><\/p>\n<div class=\"reservanto-widget\" data-text=\"Rezervovat\" data-id=\"16241\" data-color-text=\"#ffffff\" data-color-text-shadow=\"#078185\" data-color-bg=\"#0ac1cb\" data-color-bg-hover=\"#13cbd1\" data-color-boxshadow=\"#078185\" ><\/div>\n<p><!-- [et_pb_line_break_holder] --><script id=\"reservanto-widget-script\" type=\"text\/javascript\" src=\"https:\/\/booking.reservanto.cz\/Script\/reservanto-script.js?id=16241&#038;noAction=true\"><\/script><!-- [et_pb_line_break_holder] --><!-- end of inserted reservanto code -->[\/et_pb_code][\/et_pb_column][\/et_pb_row][\/et_pb_section]<\/p>\n","protected":false},"excerpt":{"rendered":"<p>\u00c1JURV\u00c9DSK\u00c9 MAS\u00c1\u017dE \u00c1jurv\u00e9da je prad\u00e1vn\u00e1 v\u00e9dsk\u00e1 moudrost, zab\u00fdvaj\u00edc\u00ed se \u017eivotem v\u00a0jeho \u00faplnosti, se zvl\u00e1\u0161tn\u00edm d\u016frazem na individu\u00e1ln\u00ed pot\u0159eby \u010dlov\u011bka ve vztahu k\u00a0t\u011blesn\u00e9mu a du\u0161evn\u00edmu zdrav\u00ed. Tento starobyl\u00fd indick\u00fd l\u00e9\u010debn\u00fd syst\u00e9m je systematick\u00fdm pojedn\u00e1n\u00edm o zp\u016fsobu \u017eivota. U\u010d\u00ed, \u017ee t\u011blesn\u00e9, du\u0161evn\u00ed, duchovn\u00ed \u010di filozofick\u00e9 dimenze na\u0161eho byt\u00ed jsou vz\u00e1jemn\u011b propojeny.\u00a0Zam\u011b\u0159uje se p\u0159edev\u0161\u00edm na prevenci\u00a0pomoc\u00ed pozitivn\u00edho my\u0161len\u00ed, [&hellip;]<\/p>\n","protected":false},"author":2,"featured_media":0,"parent":0,"menu_order":0,"comment_status":"closed","ping_status":"closed","template":"","meta":{"_et_pb_use_builder":"on","_et_pb_old_content":"","_et_gb_content_width":"","_mi_skip_tracking":false},"_links":{"self":[{"href":"https:\/\/www.machalicka.eu\/index.php?rest_route=\/wp\/v2\/pages\/546"}],"collection":[{"href":"https:\/\/www.machalicka.eu\/index.php?rest_route=\/wp\/v2\/pages"}],"about":[{"href":"https:\/\/www.machalicka.eu\/index.php?rest_route=\/wp\/v2\/types\/page"}],"author":[{"embeddable":true,"href":"https:\/\/www.machalicka.eu\/index.php?rest_route=\/wp\/v2\/users\/2"}],"replies":[{"embeddable":true,"href":"https:\/\/www.machalicka.eu\/index.php?rest_route=%2Fwp%2Fv2%2Fcomments&post=546"}],"version-history":[{"count":19,"href":"https:\/\/www.machalicka.eu\/index.php?rest_route=\/wp\/v2\/pages\/546\/revisions"}],"predecessor-version":[{"id":1598,"href":"https:\/\/www.machalicka.eu\/index.php?rest_route=\/wp\/v2\/pages\/546\/revisions\/1598"}],"wp:attachment":[{"href":"https:\/\/www.machalicka.eu\/index.php?rest_route=%2Fwp%2Fv2%2Fmedia&parent=546"}],"curies":[{"name":"wp","href":"https:\/\/api.w.org\/{rel}","templated":true}]}}